{"id":18078,"date":"2017-07-30T12:33:58","date_gmt":"2017-07-30T11:33:58","guid":{"rendered":"http:\/\/www.jungsi.de\/?page_id=18078"},"modified":"2024-08-01T09:05:13","modified_gmt":"2024-08-01T07:05:13","slug":"konsolen","status":"publish","type":"page","link":"https:\/\/www.jungsi.de\/en\/konsolen\/","title":{"rendered":"Konsolen"},"content":{"rendered":"<p><\/p>\n\n\n\n<h2 class=\"wp-block-heading has-text-align-center\">Konsolen Sammlung<\/h2>\n\n\n<div class=\"wp-block-image size-large wp-image-23280\">\n<figure class=\"aligncenter\"><img loading=\"lazy\" decoding=\"async\" width=\"1024\" height=\"768\" data-attachment-id=\"23280\" data-permalink=\"https:\/\/www.jungsi.de\/en\/konsolen\/09122018_1\/\" data-orig-file=\"https:\/\/www.jungsi.de\/blog\/wp-content\/uploads\/09122018_1.jpg\" data-orig-size=\"1400,1050\" data-comments-opened=\"1\" data-image-meta=\"{&quot;aperture&quot;:&quot;3.5&quot;,&quot;credit&quot;:&quot;&quot;,&quot;camera&quot;:&quot;Canon PowerShot SX260 HS&quot;,&quot;caption&quot;:&quot;&quot;,&quot;created_timestamp&quot;:&quot;1544380702&quot;,&quot;copyright&quot;:&quot;&quot;,&quot;focal_length&quot;:&quot;4.5&quot;,&quot;iso&quot;:&quot;1600&quot;,&quot;shutter_speed&quot;:&quot;0.125&quot;,&quot;title&quot;:&quot;&quot;,&quot;orientation&quot;:&quot;1&quot;}\" data-image-title=\"09122018_1\" data-image-description=\"&lt;p&gt;Konsolen 12_2018&lt;\/p&gt;\" data-image-caption=\"&lt;p&gt;Konsolen 12_2018&lt;\/p&gt;\" data-large-file=\"https:\/\/www.jungsi.de\/blog\/wp-content\/uploads\/09122018_1-1024x768.jpg\" src=\"https:\/\/www.jungsi.de\/blog\/wp-content\/uploads\/09122018_1-1024x768.jpg\" alt=\"Konsolen 12_2018\" class=\"wp-image-23280\" srcset=\"https:\/\/www.jungsi.de\/blog\/wp-content\/uploads\/09122018_1-1024x768.jpg 1024w, https:\/\/www.jungsi.de\/blog\/wp-content\/uploads\/09122018_1-300x225.jpg 300w, https:\/\/www.jungsi.de\/blog\/wp-content\/uploads\/09122018_1.jpg 1400w\" sizes=\"auto, (max-width: 1024px) 100vw, 1024px\" \/><figcaption class=\"wp-element-caption\">Konsolen 12_2018<\/figcaption><\/figure>\n<\/div>\n\n\n<p>Konsolen sind auch f\u00fcr mich ein &#8222;neueres&#8220; Thema. Die erste eigene Spielkonsole war vor l\u00e4ngerer Zeit eine gebrauchte <em>Sony Playstation<\/em>. Die erste eigene neue Konsole war dann 2009 die <em>Nintendo Wii <\/em>und 2018 die <em>Nintendo Switch<\/em>. Da mich die Technik immer schon interessierte, ich aber fr\u00fcher eher der Computerspieler war, begann ich auch Spielkonsolen zu sammeln. Hierbei geht es mir in erster Linie um die Technik und nicht die Spiele &#8211; obwohl diese nat\u00fcrlich auch dazu geh\u00f6ren.<\/p>\n\n\n\n<p>Mein Ziel ist es unter anderem f\u00fcr alle meine Konsolen die besten 10 &#8211; 25 Spiel im Original zu besitzen. Von diesem Ziel bin ich noch weit entfernt und bleibe es wohl auch, so wie sich aktuell die Preise entwickeln \ud83d\ude42<\/p>\n\n\n\n<p>Das Men\u00fc ist absichtlich nicht alphabetisch aufgebaut, sondern soll die Reihenfolge der Ver\u00f6ffentlichung der Ger\u00e4te wiedergeben und ist daher nach Erscheinungsjahr sortiert. Au\u00dferdem sind auch die Handhelds enthalten.<\/p>\n\n\n<h2 id=\"tablepress-260-name\" class=\"tablepress-table-name tablepress-table-name-id-260\">Konsolen\/Handhelds<\/h2>\n\n<table id=\"tablepress-260\" class=\"tablepress tablepress-id-260\" aria-labelledby=\"tablepress-260-name\">\n<thead>\n<tr class=\"row-1\">\n\t<th class=\"column-1\">Name<\/th><th class=\"column-2\">Jahr<\/th><th class=\"column-3\">Typ<\/th>\n<\/tr>\n<\/thead>\n<tbody class=\"row-striping row-hover\">\n<tr class=\"row-2\">\n\t<td class=\"column-1\"><a href=\"https:\/\/wp.me\/p4eXvk-16H\" rel=\"noopener noreferrer\" target=\"_blank\">Atari VCS2600<\/a><\/td><td class=\"column-2\">1977<\/td><td class=\"column-3\">K<\/td>\n<\/tr>\n<tr class=\"row-3\">\n\t<td class=\"column-1\"><a href=\"https:\/\/www.jungsi.de\/en\/koerting-tele-multi-play-825042-retro\/\" target=\"_blank\" rel=\"noopener noreferrer\">K\u00f6rting Tele Multi-Play 825\/045<\/a><\/td><td class=\"column-2\">1977<\/td><td class=\"column-3\">K<\/td>\n<\/tr>\n<tr class=\"row-4\">\n\t<td class=\"column-1\"><a href=\"https:\/\/www.jungsi.de\/en\/philips-odyssey-2001-pong-konsolen\/\" rel=\"noopener\" target=\"_blank\">Philips Odyssey 2001<\/a><\/td><td class=\"column-2\">1977<\/td><td class=\"column-3\">K<\/td>\n<\/tr>\n<tr class=\"row-5\">\n\t<td class=\"column-1\"><a href=\"https:\/\/www.jungsi.de\/en\/binatone-tv-master-mk8-pong-konsole\/\">Binatone TV Master MK 8<\/a><\/td><td class=\"column-2\">1977<\/td><td class=\"column-3\">K<\/td>\n<\/tr>\n<tr class=\"row-6\">\n\t<td class=\"column-1\"><a href=\"https:\/\/www.jungsi.de\/en\/interton-vc4000-retro\/\" target=\"_blank\" rel=\"noopener noreferrer\">Interton VC4000<\/a><\/td><td class=\"column-2\">1978<\/td><td class=\"column-3\">K<\/td>\n<\/tr>\n<tr class=\"row-7\">\n\t<td class=\"column-1\"><a href=\"https:\/\/www.jungsi.de\/en\/philips-videopac-g7000\/\" target=\"_blank\" rel=\"noopener noreferrer\">Philips Videopac G7000<\/a><\/td><td class=\"column-2\">1978<\/td><td class=\"column-3\">K<\/td>\n<\/tr>\n<tr class=\"row-8\">\n\t<td class=\"column-1\"><a href=\"https:\/\/www.jungsi.de\/en\/microvision-mb\/\" target=\"_blank\" rel=\"noopener noreferrer\">MB MicroVision<\/a><\/td><td class=\"column-2\">1979<\/td><td class=\"column-3\">H<\/td>\n<\/tr>\n<tr class=\"row-9\">\n\t<td class=\"column-1\"><a href=\"https:\/\/www.jungsi.de\/en\/mattel-intellivision-retro\/\" target=\"_blank\" rel=\"noopener noreferrer\">Mattel Intellivision<\/a><\/td><td class=\"column-2\">1979<\/td><td class=\"column-3\">K<\/td>\n<\/tr>\n<tr class=\"row-10\">\n\t<td class=\"column-1\"><a href=\"https:\/\/www.jungsi.de\/en\/helmet-nintendo-game-watch\/\" target=\"_blank\" rel=\"noopener noreferrer\">Nintendo Game &amp; Watch: Helmet<\/a><\/td><td class=\"column-2\">1980<\/td><td class=\"column-3\">H<\/td>\n<\/tr>\n<tr class=\"row-11\">\n\t<td class=\"column-1\"><a href=\"https:\/\/www.jungsi.de\/en\/colecovision-coleco\/\" target=\"_blank\" rel=\"noopener noreferrer\">CBS Colecovision<\/a><\/td><td class=\"column-2\">1982<\/td><td class=\"column-3\">K<\/td>\n<\/tr>\n<tr class=\"row-12\">\n\t<td class=\"column-1\"><a href=\"https:\/\/www.jungsi.de\/en\/vectrex-retro\/\" target=\"_blank\" rel=\"noopener noreferrer\">MB Vectrex<\/a><\/td><td class=\"column-2\">1982<\/td><td class=\"column-3\">K<\/td>\n<\/tr>\n<tr class=\"row-13\">\n\t<td class=\"column-1\"><a href=\"https:\/\/www.jungsi.de\/en\/atari-7800\/\" rel=\"noopener noreferrer\" target=\"_blank\">Atari 7800<\/a><\/td><td class=\"column-2\">1984<\/td><td class=\"column-3\">K<\/td>\n<\/tr>\n<tr class=\"row-14\">\n\t<td class=\"column-1\"><a href=\"https:\/\/www.jungsi.de\/en\/videopac-g7400-philips\/\" target=\"_blank\" rel=\"noopener noreferrer\">Philips Videopac G7400<\/a><\/td><td class=\"column-2\">1984<\/td><td class=\"column-3\">K<\/td>\n<\/tr>\n<tr class=\"row-15\">\n\t<td class=\"column-1\"><a href=\"https:\/\/www.jungsi.de\/en\/nintendo-entertainment-system-nintendo\/\" target=\"_blank\" rel=\"noopener noreferrer\">Nintendo Entertainment System (NES)<\/a><\/td><td class=\"column-2\">1985<\/td><td class=\"column-3\">K<\/td>\n<\/tr>\n<tr class=\"row-16\">\n\t<td class=\"column-1\"><a href=\"https:\/\/www.jungsi.de\/en\/pc-engine-retro\/\" target=\"_blank\" rel=\"noopener noreferrer\">NEC PC Engine<\/a><\/td><td class=\"column-2\">1987<\/td><td class=\"column-3\">K<\/td>\n<\/tr>\n<tr class=\"row-17\">\n\t<td class=\"column-1\"><a href=\"https:\/\/www.jungsi.de\/en\/sega-master-system-sega\/\" target=\"_blank\" rel=\"noopener noreferrer\">Sega Master System<\/a><\/td><td class=\"column-2\">1987<\/td><td class=\"column-3\">K<\/td>\n<\/tr>\n<tr class=\"row-18\">\n\t<td class=\"column-1\"><a href=\"https:\/\/www.jungsi.de\/en\/sega-mega-drive-sega\/\" target=\"_blank\" rel=\"noopener noreferrer\">Sega Mega Drive<\/a><\/td><td class=\"column-2\">1988<\/td><td class=\"column-3\">K<\/td>\n<\/tr>\n<tr class=\"row-19\">\n\t<td class=\"column-1\"><a href=\"https:\/\/www.jungsi.de\/en\/atari-lynx\/\" rel=\"noopener noreferrer\" target=\"_blank\">Atari Lynx<\/a><\/td><td class=\"column-2\">1989<\/td><td class=\"column-3\">H<\/td>\n<\/tr>\n<tr class=\"row-20\">\n\t<td class=\"column-1\"><a href=\"https:\/\/www.jungsi.de\/en\/nintendo-gameboy-retro\/\" target=\"_blank\" rel=\"noopener noreferrer\">Nintendo Game Boy<\/a><\/td><td class=\"column-2\">1989<\/td><td class=\"column-3\">H<\/td>\n<\/tr>\n<tr class=\"row-21\">\n\t<td class=\"column-1\"><a href=\"https:\/\/wp.me\/p4eXvk-4Sh\" target=\"_blank\" rel=\"noopener noreferrer\">Sega Game Gear<\/a><\/td><td class=\"column-2\">1990<\/td><td class=\"column-3\">H<\/td>\n<\/tr>\n<tr class=\"row-22\">\n\t<td class=\"column-1\"><a href=\"https:\/\/www.jungsi.de\/en\/amstrad-gx4000-amstrad\/\" rel=\"noopener\" target=\"_blank\">Amstrad GX4000<\/a><\/td><td class=\"column-2\">1990<\/td><td class=\"column-3\">K<\/td>\n<\/tr>\n<tr class=\"row-23\">\n\t<td class=\"column-1\"><a href=\"https:\/\/www.jungsi.de\/en\/turbografx-nec\/\" rel=\"noopener\" target=\"_blank\">NEC TurboGrafx<\/a><\/td><td class=\"column-2\">1990<\/td><td class=\"column-3\">K<\/td>\n<\/tr>\n<tr class=\"row-24\">\n\t<td class=\"column-1\"><a href=\"https:\/\/www.jungsi.de\/en\/neo_geo_aes_snk\/\">Neo Geo AES<\/a><\/td><td class=\"column-2\">1990<\/td><td class=\"column-3\">K<\/td>\n<\/tr>\n<tr class=\"row-25\">\n\t<td class=\"column-1\"><a href=\"https:\/\/www.jungsi.de\/en\/sega-master-system-ii-sega\/\">Sega Master System II<\/a><\/td><td class=\"column-2\">1990<\/td><td class=\"column-3\">K<\/td>\n<\/tr>\n<tr class=\"row-26\">\n\t<td class=\"column-1\"><a href=\"https:\/\/www.jungsi.de\/en\/retro-neu-eingetroffen-atari-lynx-2\/\" target=\"_blank\" rel=\"noopener noreferrer\">Atari Lynx II<\/a> (2x)<\/td><td class=\"column-2\">1991<\/td><td class=\"column-3\">H<\/td>\n<\/tr>\n<tr class=\"row-27\">\n\t<td class=\"column-1\"><a href=\"https:\/\/www.jungsi.de\/en\/super-nintendo-entertainment-system-nintendo\/\" target=\"_blank\" rel=\"noopener noreferrer\">Nintendo Super Entertainment System (SNES)<\/a><\/td><td class=\"column-2\">1991<\/td><td class=\"column-3\">K<\/td>\n<\/tr>\n<tr class=\"row-28\">\n\t<td class=\"column-1\"><a href=\"https:\/\/wp.me\/p4eXvk-1cx\" rel=\"noopener noreferrer\" target=\"_blank\">Atari Jaguar<\/a> (2x)<\/td><td class=\"column-2\">1993<\/td><td class=\"column-3\">K<\/td>\n<\/tr>\n<tr class=\"row-29\">\n\t<td class=\"column-1\"><a href=\"https:\/\/www.jungsi.de\/en\/panasonic-fz-10-3do\/\" rel=\"noopener noreferrer\" target=\"_blank\">Panasonic FZ-10 (3DO)<\/a><\/td><td class=\"column-2\">1993<\/td><td class=\"column-3\">K<\/td>\n<\/tr>\n<tr class=\"row-30\">\n\t<td class=\"column-1\"><a href=\"https:\/\/www.jungsi.de\/en\/amiga-cd%c2%b3%c2%b2-commodore\/\">Commodore Amiga CD32<\/a><\/td><td class=\"column-2\">1993<\/td><td class=\"column-3\">K<\/td>\n<\/tr>\n<tr class=\"row-31\">\n\t<td class=\"column-1\"><a href=\"https:\/\/www.jungsi.de\/en\/sega-mega-drive-2-sega\/\">Sega Mega Drive II<\/a><\/td><td class=\"column-2\">1993<\/td><td class=\"column-3\">K<\/td>\n<\/tr>\n<tr class=\"row-32\">\n\t<td class=\"column-1\"><a href=\"https:\/\/www.jungsi.de\/en\/supervision-watara\/\">Watara  Supervision<\/a><\/td><td class=\"column-2\">1993<\/td><td class=\"column-3\">H<\/td>\n<\/tr>\n<tr class=\"row-33\">\n\t<td class=\"column-1\"><a href=\"https:\/\/www.jungsi.de\/en\/neo-geo-cd-snk\/\" rel=\"noopener noreferrer\" target=\"_blank\">Neo Geo CD<\/a><\/td><td class=\"column-2\">1994<\/td><td class=\"column-3\">K<\/td>\n<\/tr>\n<tr class=\"row-34\">\n\t<td class=\"column-1\"><a href=\"https:\/\/www.jungsi.de\/en\/philips-cdi-450-philips\/\" rel=\"noopener noreferrer\" target=\"_blank\">Philips CDI 450<\/a><\/td><td class=\"column-2\">1994<\/td><td class=\"column-3\">K<\/td>\n<\/tr>\n<tr class=\"row-35\">\n\t<td class=\"column-1\"><a href=\"https:\/\/www.jungsi.de\/en\/playstation-sony\/\" target=\"_blank\" rel=\"noopener noreferrer\">Sony Playstation<\/a> (2)<\/td><td class=\"column-2\">1994<\/td><td class=\"column-3\">K<\/td>\n<\/tr>\n<tr class=\"row-36\">\n\t<td class=\"column-1\"><a href=\"https:\/\/www.jungsi.de\/en\/sega-saturn-sega\/\" target=\"_blank\" rel=\"noopener noreferrer\">Sega Saturn<\/a><\/td><td class=\"column-2\">1994<\/td><td class=\"column-3\">K<\/td>\n<\/tr>\n<tr class=\"row-37\">\n\t<td class=\"column-1\"><a href=\"https:\/\/www.jungsi.de\/en\/nintendo-64-nintendo\/\" target=\"_blank\" rel=\"noopener noreferrer\">Nintendo 64<\/a><\/td><td class=\"column-2\">1996<\/td><td class=\"column-3\">K<\/td>\n<\/tr>\n<tr class=\"row-38\">\n\t<td class=\"column-1\"><a href=\"https:\/\/www.jungsi.de\/en\/nintendo-game-boy-color-nintendo\/\" target=\"_blank\" rel=\"noopener noreferrer\">Nintendo Game Boy Color<\/a><\/td><td class=\"column-2\">1998<\/td><td class=\"column-3\">H<\/td>\n<\/tr>\n<tr class=\"row-39\">\n\t<td class=\"column-1\"><a href=\"https:\/\/www.jungsi.de\/en\/dreamcast-sega\/\">Sega Dreamcast<\/a><\/td><td class=\"column-2\">1998<\/td><td class=\"column-3\">K<\/td>\n<\/tr>\n<tr class=\"row-40\">\n\t<td class=\"column-1\"><a href=\"https:\/\/www.jungsi.de\/en\/neo-geo-pocket-color-snk\/\" rel=\"noopener noreferrer\" target=\"_blank\">Neo Geo Pocket Color<\/a><\/td><td class=\"column-2\">1999<\/td><td class=\"column-3\">H<\/td>\n<\/tr>\n<tr class=\"row-41\">\n\t<td class=\"column-1\"><a href=\"https:\/\/wp.me\/p4eXvk-5AL\" rel=\"noopener noreferrer\" target=\"_blank\">Bandai WonderSwan Color<\/a><\/td><td class=\"column-2\">2000<\/td><td class=\"column-3\">H<\/td>\n<\/tr>\n<tr class=\"row-42\">\n\t<td class=\"column-1\">Sony Playstation 2<\/td><td class=\"column-2\">2000<\/td><td class=\"column-3\">K<\/td>\n<\/tr>\n<tr class=\"row-43\">\n\t<td class=\"column-1\"><a href=\"https:\/\/www.jungsi.de\/en\/game-boy-advance-nintendo\/\" target=\"_blank\" rel=\"noopener noreferrer\">Nintendo Game Boy Advance<\/a><\/td><td class=\"column-2\">2001<\/td><td class=\"column-3\">H<\/td>\n<\/tr>\n<tr class=\"row-44\">\n\t<td class=\"column-1\"><a href=\"https:\/\/www.jungsi.de\/en\/xbox-microsoft\/\" target=\"_blank\" rel=\"noopener noreferrer\">Xbox<\/a><\/td><td class=\"column-2\">2001<\/td><td class=\"column-3\">K<\/td>\n<\/tr>\n<tr class=\"row-45\">\n\t<td class=\"column-1\"><a href=\"https:\/\/www.jungsi.de\/en\/game-boy-advance-sp-nintendo\/\" target=\"_blank\" rel=\"noopener noreferrer\">Nintendo Game Boy Advance SP<\/a><\/td><td class=\"column-2\">2003<\/td><td class=\"column-3\">H<\/td>\n<\/tr>\n<tr class=\"row-46\">\n\t<td class=\"column-1\">Xbox 360 Final Fantasy Edition<\/td><td class=\"column-2\">2005<\/td><td class=\"column-3\">K<\/td>\n<\/tr>\n<tr class=\"row-47\">\n\t<td class=\"column-1\">Nintendo Wii<\/td><td class=\"column-2\">2006<\/td><td class=\"column-3\">K<\/td>\n<\/tr>\n<tr class=\"row-48\">\n\t<td class=\"column-1\">Nintendo NES classic mini<\/td><td class=\"column-2\">2017<\/td><td class=\"column-3\">K<\/td>\n<\/tr>\n<tr class=\"row-49\">\n\t<td class=\"column-1\">Nintendo SNES classic mini<\/td><td class=\"column-2\">2017<\/td><td class=\"column-3\">K<\/td>\n<\/tr>\n<tr class=\"row-50\">\n\t<td class=\"column-1\">Nintento Switch<\/td><td class=\"column-2\">2017<\/td><td class=\"column-3\">K<\/td>\n<\/tr>\n<tr class=\"row-51\">\n\t<td class=\"column-1\">Neo Geo Classic Mini<\/td><td class=\"column-2\">2018<\/td><td class=\"column-3\">K<\/td>\n<\/tr>\n<tr class=\"row-52\">\n\t<td class=\"column-1\">Sony Playstation Classic mini<\/td><td class=\"column-2\">2018<\/td><td class=\"column-3\">K<\/td>\n<\/tr>\n<tr class=\"row-53\">\n\t<td class=\"column-1\">Sega Mega Drive mini<\/td><td class=\"column-2\">2019<\/td><td class=\"column-3\">K<\/td>\n<\/tr>\n<tr class=\"row-54\">\n\t<td class=\"column-1\">Bittboy<\/td><td class=\"column-2\">2017<\/td><td class=\"column-3\">H<\/td>\n<\/tr>\n<tr class=\"row-55\">\n\t<td class=\"column-1\">Evercade Handheld<\/td><td class=\"column-2\">2020<\/td><td class=\"column-3\">H<\/td>\n<\/tr>\n<tr class=\"row-56\">\n\t<td class=\"column-1\">Evercade Handheld purple Edition<\/td><td class=\"column-2\">2021<\/td><td class=\"column-3\">H<\/td>\n<\/tr>\n<tr class=\"row-57\">\n\t<td class=\"column-1\">Anbernic RG 351MP<\/td><td class=\"column-2\">2021<\/td><td class=\"column-3\">H<\/td>\n<\/tr>\n<tr class=\"row-58\">\n\t<td class=\"column-1\">Game &amp; Watch: Super Mario Bros<\/td><td class=\"column-2\">2020<\/td><td class=\"column-3\">H<\/td>\n<\/tr>\n<tr class=\"row-59\">\n\t<td class=\"column-1\">Game &amp; Watch: The Legend Of Zelda<\/td><td class=\"column-2\">2021<\/td><td class=\"column-3\">H<\/td>\n<\/tr>\n<tr class=\"row-60\">\n\t<td class=\"column-1\"><a href=\"https:\/\/www.jungsi.de\/en\/watara-supervision-gb-2000-watara\/\">Watara Supervision GB-2000<\/a><\/td><td class=\"column-2\">1993<\/td><td class=\"column-3\">H<\/td>\n<\/tr>\n<tr class=\"row-61\">\n\t<td class=\"column-1\"><a href=\"https:\/\/www.jungsi.de\/en\/watara-supervision\/\">Hartung Supervision<\/a><\/td><td class=\"column-2\">1993<\/td><td class=\"column-3\">H<\/td>\n<\/tr>\n<tr class=\"row-62\">\n\t<td class=\"column-1\">Nintendo 2DS<\/td><td class=\"column-2\">2013<\/td><td class=\"column-3\">H<\/td>\n<\/tr>\n<tr class=\"row-63\">\n\t<td class=\"column-1\"><a href=\"https:\/\/www.jungsi.de\/en\/sanwa-9012-pong-konsolen\/\">Sanwa 9012<\/a><\/td><td class=\"column-2\">1977<\/td><td class=\"column-3\">K<\/td>\n<\/tr>\n<tr class=\"row-64\">\n\t<td class=\"column-1\">Gameforce Chi<\/td><td class=\"column-2\">2021<\/td><td class=\"column-3\">H<\/td>\n<\/tr>\n<tr class=\"row-65\">\n\t<td class=\"column-1\">Sony Playstation 3<\/td><td class=\"column-2\">2007<\/td><td class=\"column-3\">K<\/td>\n<\/tr>\n<tr class=\"row-66\">\n\t<td class=\"column-1\">Evercade VS<\/td><td class=\"column-2\">2022<\/td><td class=\"column-3\">K<\/td>\n<\/tr>\n<tr class=\"row-67\">\n\t<td class=\"column-1\">Sega Mega Drive Mini II<\/td><td class=\"column-2\">2022<\/td><td class=\"column-3\">K<\/td>\n<\/tr>\n<tr class=\"row-68\">\n\t<td class=\"column-1\"><a href=\"https:\/\/www.jungsi.de\/en\/bss01-veb-halbleiterwerk-frankfurt-an-der-oder\/\">BSS01<\/a><\/td><td class=\"column-2\">1979<\/td><td class=\"column-3\">K<\/td>\n<\/tr>\n<tr class=\"row-69\">\n\t<td class=\"column-1\">Sony PSP-E1004<\/td><td class=\"column-2\">2011<\/td><td class=\"column-3\">H<\/td>\n<\/tr>\n<tr class=\"row-70\">\n\t<td class=\"column-1\">Evercade EXP Limited Edition<\/td><td class=\"column-2\">2022<\/td><td class=\"column-3\">H<\/td>\n<\/tr>\n<tr class=\"row-71\">\n\t<td class=\"column-1\">Evercade VS Atomic Edition<\/td><td class=\"column-2\">2023<\/td><td class=\"column-3\">K<\/td>\n<\/tr>\n<tr class=\"row-72\">\n\t<td class=\"column-1\">Atari 2600+<\/td><td class=\"column-2\">2023<\/td><td class=\"column-3\">K<\/td>\n<\/tr>\n<tr class=\"row-73\">\n\t<td class=\"column-1\">Hyper Megatech Taito Super Pocket<\/td><td class=\"column-2\">2023<\/td><td class=\"column-3\">H<\/td>\n<\/tr>\n<tr class=\"row-74\">\n\t<td class=\"column-1\">Hyper Megatech Capcom Super Pocket<\/td><td class=\"column-2\">2023<\/td><td class=\"column-3\">H<\/td>\n<\/tr>\n<\/tbody>\n<\/table>\n<!-- #tablepress-260 from cache -->","protected":false},"excerpt":{"rendered":"<p>Konsolen Sammlung Konsolen sind auch f\u00fcr mich ein &#8222;neueres&#8220; Thema. Die erste eigene Spielkonsole war vor l\u00e4ngerer Zeit eine gebrauchte Sony Playstation. Die erste eigene \u2026<\/p>","protected":false},"author":2,"featured_media":18337,"parent":0,"menu_order":0,"comment_status":"closed","ping_status":"closed","template":"","meta":{"_lmt_disableupdate":"","_lmt_disable":"","ngg_post_thumbnail":0,"jetpack_post_was_ever_published":false,"footnotes":"","_links_to":"","_links_to_target":""},"class_list":["post-18078","page","type-page","status-publish","has-post-thumbnail","hentry"],"jetpack_shortlink":"https:\/\/wp.me\/P4eXvk-4HA","jetpack_sharing_enabled":true,"jetpack_likes_enabled":true,"jetpack-related-posts":[{"id":32907,"url":"https:\/\/www.jungsi.de\/en\/handheld-konsolen\/alle-anderen-handhelds\/arduboy\/","url_meta":{"origin":18078,"position":0},"title":"Arduboy","author":"Jungsi","date":"31. July 2024","format":false,"excerpt":"Arduboy Arduboy Der Arduboy ist eine moderne Hommage an die klassische \u00c4ra tragbarer Spielekonsolen, inspiriert von Ger\u00e4ten wie dem Nintendo Game Boy und den Game & Watch-Spielen. Es ist ein kleines, handliches Ger\u00e4t, das nicht nur von Retro-Gaming-Fans geliebt wird, sondern auch eine Plattform f\u00fcr Kreativit\u00e4t und Lernen bietet. Die\u2026","rel":"","context":"Similar post","block_context":{"text":"Similar post","link":""},"img":{"alt_text":"Arduboy - Vorderseite","src":"https:\/\/i0.wp.com\/www.jungsi.de\/blog\/wp-content\/uploads\/arduboy-vorderseite.jpg?resize=350%2C200&ssl=1","width":350,"height":200,"srcset":"https:\/\/i0.wp.com\/www.jungsi.de\/blog\/wp-content\/uploads\/arduboy-vorderseite.jpg?resize=350%2C200&ssl=1 1x, https:\/\/i0.wp.com\/www.jungsi.de\/blog\/wp-content\/uploads\/arduboy-vorderseite.jpg?resize=525%2C300&ssl=1 1.5x"},"classes":[]},{"id":33789,"url":"https:\/\/www.jungsi.de\/en\/handheld-konsolen\/alle-anderen-handhelds\/hartung-game-maser\/","url_meta":{"origin":18078,"position":1},"title":"Hartung Game Maser","author":"Jungsi","date":"23. October 2024","format":false,"excerpt":"Hartung Game Master Hartung Game Master Der Hartung Game Master war eine Handheld-Spielkonsole, die Anfang der 1990er Jahre von dem deutschen Unternehmen Hartung ver\u00f6ffentlicht wurde. Das Ger\u00e4t war eine Reaktion auf den Erfolg des Nintendo Game Boy, konnte jedoch nicht denselben Kultstatus erreichen. Die Konsole war relativ g\u00fcnstig und bot\u2026","rel":"","context":"Similar post","block_context":{"text":"Similar post","link":""},"img":{"alt_text":"Hartung Game Master - Oberseite","src":"https:\/\/i0.wp.com\/www.jungsi.de\/blog\/wp-content\/uploads\/Hartung-Game-Master-Oberseite.jpg?resize=350%2C200&ssl=1","width":350,"height":200,"srcset":"https:\/\/i0.wp.com\/www.jungsi.de\/blog\/wp-content\/uploads\/Hartung-Game-Master-Oberseite.jpg?resize=350%2C200&ssl=1 1x, https:\/\/i0.wp.com\/www.jungsi.de\/blog\/wp-content\/uploads\/Hartung-Game-Master-Oberseite.jpg?resize=525%2C300&ssl=1 1.5x, https:\/\/i0.wp.com\/www.jungsi.de\/blog\/wp-content\/uploads\/Hartung-Game-Master-Oberseite.jpg?resize=700%2C400&ssl=1 2x, https:\/\/i0.wp.com\/www.jungsi.de\/blog\/wp-content\/uploads\/Hartung-Game-Master-Oberseite.jpg?resize=1050%2C600&ssl=1 3x, https:\/\/i0.wp.com\/www.jungsi.de\/blog\/wp-content\/uploads\/Hartung-Game-Master-Oberseite.jpg?resize=1400%2C800&ssl=1 4x"},"classes":[]},{"id":28319,"url":"https:\/\/www.jungsi.de\/en\/konsolen\/nintendo-konsolen\/","url_meta":{"origin":18078,"position":2},"title":"Nintendo Konsolen","author":"Jungsi","date":"16. January 2023","format":false,"excerpt":"Nintendo Konsolen Nintendo Entertainment System Super Nintendo Entertainment System Nintendo 64 Nintendo Wii Nintendo Switch Hier ist eine kurze \u00dcbersicht der wichtigsten Heimvideospielkonsolen von Nintendo: 1. Nintendo Entertainment System (NES) (1983\/1985) Beschreibung: Urspr\u00fcnglich 1983 in Japan als Famicom ver\u00f6ffentlicht, war das NES 1985 der erste gro\u00dfe Erfolg von Nintendo im\u2026","rel":"","context":"Similar post","block_context":{"text":"Similar post","link":""},"img":{"alt_text":"","src":"","width":0,"height":0},"classes":[]},{"id":28315,"url":"https:\/\/www.jungsi.de\/en\/konsolen\/sega-konsolen\/","url_meta":{"origin":18078,"position":3},"title":"Sega Konsolen","author":"Jungsi","date":"16. January 2023","format":false,"excerpt":"Sega Konsolen Sega Master System \u2013 Sega Master System II Sega Mega Drive \u2013 Sega Mega Drive II Sega Saturn Sega Dreamcast Sega ist eine bekannte japanische Videospiel- und Konsolenherstellerin, die mehrere bedeutende Spielekonsolen ver\u00f6ffentlicht hat. Hier ist eine kurze \u00dcbersicht der wichtigsten Sega-Konsolen: 1. SG-1000 (1983) Beschreibung: Segas erste\u2026","rel":"","context":"Similar post","block_context":{"text":"Similar post","link":""},"img":{"alt_text":"","src":"","width":0,"height":0},"classes":[]},{"id":19678,"url":"https:\/\/www.jungsi.de\/en\/handheld-konsolen\/nintendo\/nintendo-game-boy\/","url_meta":{"origin":18078,"position":4},"title":"Nintendo Game Boy","author":"Jungsi","date":"26. February 2018","format":false,"excerpt":"Nintendo Game Boy Nintendo Game Boy Der Nintendo Game Boy ist eine Legende in der Welt der Videospiele, ein Ger\u00e4t, das eine ganze Generation pr\u00e4gte und die Art und Weise, wie Menschen Spiele erlebten, revolutionierte. Die Geschichte des Game Boy begann in den sp\u00e4ten 1980er Jahren in den K\u00f6pfen der\u2026","rel":"","context":"Similar post","block_context":{"text":"Similar post","link":""},"img":{"alt_text":"","src":"https:\/\/i0.wp.com\/www.jungsi.de\/blog\/wp-content\/uploads\/2014\/11\/Gameboy.jpg?resize=350%2C200&ssl=1","width":350,"height":200},"classes":[]},{"id":28312,"url":"https:\/\/www.jungsi.de\/en\/konsolen\/atari-konsolen\/","url_meta":{"origin":18078,"position":5},"title":"Atari Konsolen","author":"Jungsi","date":"16. January 2023","format":false,"excerpt":"Atari Konsolen Atari VCS Atari 7800 Atari Jaguar Geschichte von Atari und deren Spielekonsolen Gr\u00fcndung und Fr\u00fche Jahre (1972-1976): Gr\u00fcndung: Atari, Inc. wurde 1972 von Nolan Bushnell und Ted Dabney gegr\u00fcndet. Das Unternehmen wurde schnell durch die Ver\u00f6ffentlichung des Arcade-Spiels Pong bekannt, das zu einem riesigen Erfolg wurde und Atari\u2026","rel":"","context":"Similar post","block_context":{"text":"Similar post","link":""},"img":{"alt_text":"","src":"","width":0,"height":0},"classes":[]}],"_links":{"self":[{"href":"https:\/\/www.jungsi.de\/en\/wp-json\/wp\/v2\/pages\/18078","targetHints":{"allow":["GET"]}}],"collection":[{"href":"https:\/\/www.jungsi.de\/en\/wp-json\/wp\/v2\/pages"}],"about":[{"href":"https:\/\/www.jungsi.de\/en\/wp-json\/wp\/v2\/types\/page"}],"author":[{"embeddable":true,"href":"https:\/\/www.jungsi.de\/en\/wp-json\/wp\/v2\/users\/2"}],"replies":[{"embeddable":true,"href":"https:\/\/www.jungsi.de\/en\/wp-json\/wp\/v2\/comments?post=18078"}],"version-history":[{"count":0,"href":"https:\/\/www.jungsi.de\/en\/wp-json\/wp\/v2\/pages\/18078\/revisions"}],"wp:featuredmedia":[{"embeddable":true,"href":"https:\/\/www.jungsi.de\/en\/wp-json\/wp\/v2\/media\/18337"}],"wp:attachment":[{"href":"https:\/\/www.jungsi.de\/en\/wp-json\/wp\/v2\/media?parent=18078"}],"curies":[{"name":"wp","href":"https:\/\/api.w.org\/{rel}","templated":true}]}}