{"id":1521,"date":"2012-09-12T21:35:07","date_gmt":"2012-09-12T20:35:07","guid":{"rendered":"http:\/\/www.jungsi.de\/?page_id=1521"},"modified":"2026-04-02T12:25:24","modified_gmt":"2026-04-02T10:25:24","slug":"literatur","status":"publish","type":"page","link":"https:\/\/www.jungsi.de\/en\/die-sammlung\/literatur\/","title":{"rendered":"Literatur"},"content":{"rendered":"<h2 class=\"wp-block-heading has-text-align-center\">Literatur oder auch die &#8222;Bibliothek&#8220;<\/h2>\n\n\n\n<p>Lesen begleitet mich seit meiner Kindheit. Ich habe alles verschlungen, was ich in die Finger bekommen habe \u2014 egal ob Comic, Roman oder Magazin. So begann ich bald auch die Ausgaben des P.M. Magazins zu lesen, das mein Bruder abonniert hatte.<\/p>\n\n\n\n<p>Da es zu dem Zeitpunkt, als ich anfing mich mit Computern zu besch\u00e4ftigen, noch kein Internet gab, waren B\u00fccher und Zeitschriften die einzige M\u00f6glichkeit, an Informationen zu kommen. Wann immer es das Taschengeld zulie\u00df, kaufte ich mir Ausgaben der CK (Computer Kontakt) und der ASM, sp\u00e4ter dann Atari-ST-Magazine und die 68000er. Dazu gab es manchmal an Feiertagen ein Fachbuch als Geschenk.<\/p>\n\n\n\n<p>Bei einer Retro-Sammlung ist es unvermeidlich, dass im Laufe der Zeit auch die Menge an Literatur zunimmt. Es gibt verschiedene Wege, an Lesematerial zu kommen: Manchmal erh\u00e4lt man beim Kauf von Hardware B\u00fccher oder Anleitungen dazu, und gelegentlich kaufe ich gezielt Literatur, um etwas nachschlagen zu k\u00f6nnen. Eine andere M\u00f6glichkeit ist die Finanzierung \u00fcber Kickstarter. Einige Autoren nutzen diesen Weg, um B\u00fccher zu ver\u00f6ffentlichen, die von herk\u00f6mmlichen Verlagen in so kleinen Auflagen nicht gedruckt w\u00fcrden. Die Ergebnisse sind oft bemerkenswert \u2014 mit viel Liebe zum Detail entwickelt und sorgf\u00e4ltig gemacht.<\/p>\n\n\n\n<p>Nach wie vor st\u00f6bere ich gerne im Internet \u2014 vor allem bei eBay \u2014 nach preiswerter Literatur, egal ob Zeitschrift oder Buch, solange der Preis stimmt. Meine Favoriten dabei sind die ASM, Computer Kontakt und Fachb\u00fccher von Data Becker.<\/p>\n\n\n\n<p>Nat\u00fcrlich unterst\u00fctze ich auch die deutschen Retro-Magazine RetroGamer, Return und Retro mit einem Abonnement. Es ist erfrischend, regelm\u00e4\u00dfig mit neuen und alten Informationen versorgt zu werden.<\/p>\n\n\n\n<p>Viel Spass beim St\u00f6bern in meiner &#8222;Bibliothek&#8220;!<\/p>","protected":false},"excerpt":{"rendered":"<p>Literatur oder auch die &#8222;Bibliothek&#8220; Lesen begleitet mich seit meiner Kindheit. Ich habe alles verschlungen, was ich in die Finger bekommen habe \u2014 egal ob \u2026<\/p>","protected":false},"author":2,"featured_media":19786,"parent":18072,"menu_order":1,"comment_status":"open","ping_status":"open","template":"","meta":{"_lmt_disableupdate":"","_lmt_disable":"","ngg_post_thumbnail":0,"jetpack_post_was_ever_published":false,"footnotes":"","_links_to":"","_links_to_target":""},"class_list":["post-1521","page","type-page","status-publish","has-post-thumbnail","hentry"],"jetpack_shortlink":"https:\/\/wp.me\/P4eXvk-ox","jetpack_sharing_enabled":true,"jetpack_likes_enabled":true,"jetpack-related-posts":[{"id":35713,"url":"https:\/\/www.jungsi.de\/en\/die-sammlung\/literatur\/atari-magazin\/","url_meta":{"origin":1521,"position":0},"title":"Atari Magazin","author":"Jungsi","date":"28. February 2025","format":false,"excerpt":"Atari Magazin Das Atari Magazin ist ab 1987 im Verlag R\u00e4tz-Eberle erschienen. Es bot eine Mischung aus Atari 8- und 16-Bit Informationen, darunter Neuigkeiten, Listings und Spiele. Es hat damals 7 DM gekostet und war eine \"Schwesterzeitschrift\" der Computer Kontakt. Zum Start ist es im Rhythmus von zwei Monaten erschienen,\u2026","rel":"","context":"Similar post","block_context":{"text":"Similar post","link":""},"img":{"alt_text":"Atari Magazin 1987_03_04","src":"https:\/\/i0.wp.com\/www.jungsi.de\/blog\/wp-content\/uploads\/Atari-Magazin-1987_03_04.jpg?resize=350%2C200&ssl=1","width":350,"height":200,"srcset":"https:\/\/i0.wp.com\/www.jungsi.de\/blog\/wp-content\/uploads\/Atari-Magazin-1987_03_04.jpg?resize=350%2C200&ssl=1 1x, https:\/\/i0.wp.com\/www.jungsi.de\/blog\/wp-content\/uploads\/Atari-Magazin-1987_03_04.jpg?resize=525%2C300&ssl=1 1.5x, https:\/\/i0.wp.com\/www.jungsi.de\/blog\/wp-content\/uploads\/Atari-Magazin-1987_03_04.jpg?resize=700%2C400&ssl=1 2x, https:\/\/i0.wp.com\/www.jungsi.de\/blog\/wp-content\/uploads\/Atari-Magazin-1987_03_04.jpg?resize=1050%2C600&ssl=1 3x"},"classes":[]},{"id":29027,"url":"https:\/\/www.jungsi.de\/en\/die-sammlung\/literatur\/commodore\/amiga-magazin\/","url_meta":{"origin":1521,"position":1},"title":"Amiga Magazin","author":"Jungsi","date":"6. February 2023","format":false,"excerpt":"Amiga Magazin Amiga Magazin war das deutschsprachige Fachmagazin des Markt+Technik-Verlags rund um den Commodore Amiga: gestartet 1987, mit Schwerpunkt auf Anwendungen, Praxis-Tipps und Hardware (weniger auf Spiele) und zeitweise sehr umfangreichen Ausgaben. Ab 01\/1998 erschien es nicht mehr eigenst\u00e4ndig, sondern in reduzierter Form als Beilage der PCgo; die Reihe endete\u2026","rel":"","context":"Similar post","block_context":{"text":"Similar post","link":""},"img":{"alt_text":"Amiga 88 01","src":"https:\/\/i0.wp.com\/www.jungsi.de\/blog\/wp-content\/uploads\/Amiga-88_01.jpg?resize=350%2C200&ssl=1","width":350,"height":200,"srcset":"https:\/\/i0.wp.com\/www.jungsi.de\/blog\/wp-content\/uploads\/Amiga-88_01.jpg?resize=350%2C200&ssl=1 1x, https:\/\/i0.wp.com\/www.jungsi.de\/blog\/wp-content\/uploads\/Amiga-88_01.jpg?resize=525%2C300&ssl=1 1.5x, https:\/\/i0.wp.com\/www.jungsi.de\/blog\/wp-content\/uploads\/Amiga-88_01.jpg?resize=700%2C400&ssl=1 2x, https:\/\/i0.wp.com\/www.jungsi.de\/blog\/wp-content\/uploads\/Amiga-88_01.jpg?resize=1050%2C600&ssl=1 3x"},"classes":[]},{"id":27891,"url":"https:\/\/www.jungsi.de\/en\/die-sammlung\/literatur\/p-m-computerheft\/","url_meta":{"origin":1521,"position":2},"title":"P.M. Computerheft","author":"Jungsi","date":"14. January 2023","format":false,"excerpt":"P.M. Computerheft P.M. Computerheft war ein Ableger der popul\u00e4rwissenschaftlichen Marke P.M. und erschien bei Gruner + Jahr ab 1982 (ab 1983 als eigenst\u00e4ndige Zeitschrift, ab 1984 monatlich) bis zur letzten Ausgabe 10\/1989. Unter dem Untertitel \u201eMit Computern arbeiten und leben\u201c behandelte das Magazin die gesamte damals relevante Heim- und Personalcomputer-Landschaft\u2026","rel":"","context":"Similar post","block_context":{"text":"Similar post","link":""},"img":{"alt_text":"P.M.-Computerheft-82","src":"https:\/\/i0.wp.com\/www.jungsi.de\/blog\/wp-content\/uploads\/P.M.-Computerheft-82.jpg?resize=350%2C200&ssl=1","width":350,"height":200,"srcset":"https:\/\/i0.wp.com\/www.jungsi.de\/blog\/wp-content\/uploads\/P.M.-Computerheft-82.jpg?resize=350%2C200&ssl=1 1x, https:\/\/i0.wp.com\/www.jungsi.de\/blog\/wp-content\/uploads\/P.M.-Computerheft-82.jpg?resize=525%2C300&ssl=1 1.5x, https:\/\/i0.wp.com\/www.jungsi.de\/blog\/wp-content\/uploads\/P.M.-Computerheft-82.jpg?resize=700%2C400&ssl=1 2x, https:\/\/i0.wp.com\/www.jungsi.de\/blog\/wp-content\/uploads\/P.M.-Computerheft-82.jpg?resize=1050%2C600&ssl=1 3x"},"classes":[]},{"id":27879,"url":"https:\/\/www.jungsi.de\/en\/die-sammlung\/literatur\/computer-kontakt\/","url_meta":{"origin":1521,"position":3},"title":"Computer Kontakt","author":"Jungsi","date":"14. January 2023","format":false,"excerpt":"Computer Kontakt Computer Kontakt war ein deutschsprachiges Multiformat-Heft aus dem Verlag R\u00e4tz-Eberle (Bretten), gestartet im Mai 1984 und nach 24 Ausgaben Anfang 1988 eingestellt. Inhaltlich deckte es die damalige Heimcomputer-Landschaft ab (u. a. Atari, Sinclair, TI-99\/4A, Commodore, CPC, Apple), erschien zun\u00e4chst monatlich und sp\u00e4ter zweimonatlich; wegen vieler Beitr\u00e4ge zu Atari\u2026","rel":"","context":"Similar post","block_context":{"text":"Similar post","link":""},"img":{"alt_text":"Computer Kontakt 02_03_1988","src":"https:\/\/i0.wp.com\/www.jungsi.de\/blog\/wp-content\/uploads\/Computer-Kontakt-02_03_1988.jpg?resize=350%2C200&ssl=1","width":350,"height":200,"srcset":"https:\/\/i0.wp.com\/www.jungsi.de\/blog\/wp-content\/uploads\/Computer-Kontakt-02_03_1988.jpg?resize=350%2C200&ssl=1 1x, https:\/\/i0.wp.com\/www.jungsi.de\/blog\/wp-content\/uploads\/Computer-Kontakt-02_03_1988.jpg?resize=525%2C300&ssl=1 1.5x, https:\/\/i0.wp.com\/www.jungsi.de\/blog\/wp-content\/uploads\/Computer-Kontakt-02_03_1988.jpg?resize=700%2C400&ssl=1 2x"},"classes":[]},{"id":29060,"url":"https:\/\/www.jungsi.de\/en\/die-sammlung\/literatur\/sonstige\/68000er\/","url_meta":{"origin":1521,"position":4},"title":"68000er","author":"Jungsi","date":"6. February 2023","format":false,"excerpt":"68000er 68000er erschien ab 1986 zun\u00e4chst als Sonderheftreihe der Happy Computer (Markt & Technik) und wurde ab 01\/1987 ein eigenes Monatsmagazin. Benannt nach Motorolas 68000-CPU, behandelte es anfangs Amiga, Atari ST, Macintosh (teils auch Sinclair QL); ab Mitte 1987 wurden Amiga- und Mac-Themen in separate Magazine ausgelagert, sodass der Schwerpunkt\u2026","rel":"","context":"Similar post","block_context":{"text":"Similar post","link":""},"img":{"alt_text":"87_05","src":"https:\/\/i0.wp.com\/www.jungsi.de\/blog\/wp-content\/uploads\/68000er-87_05.jpg?resize=350%2C200&ssl=1","width":350,"height":200,"srcset":"https:\/\/i0.wp.com\/www.jungsi.de\/blog\/wp-content\/uploads\/68000er-87_05.jpg?resize=350%2C200&ssl=1 1x, https:\/\/i0.wp.com\/www.jungsi.de\/blog\/wp-content\/uploads\/68000er-87_05.jpg?resize=525%2C300&ssl=1 1.5x, https:\/\/i0.wp.com\/www.jungsi.de\/blog\/wp-content\/uploads\/68000er-87_05.jpg?resize=700%2C400&ssl=1 2x, https:\/\/i0.wp.com\/www.jungsi.de\/blog\/wp-content\/uploads\/68000er-87_05.jpg?resize=1050%2C600&ssl=1 3x"},"classes":[]},{"id":27877,"url":"https:\/\/www.jungsi.de\/en\/die-sammlung\/literatur\/asm\/","url_meta":{"origin":1521,"position":5},"title":"ASM","author":"Jungsi","date":"14. January 2023","format":false,"excerpt":"Aktueller Software Markt ASM \u2013 Aktueller Software Markt war eines der ersten deutschsprachigen Multiformat-Videospielmagazine: gestartet im M\u00e4rz 1986 beim Tronic-Verlag, erschienen (meist monatlich) bis zur letzten regul\u00e4ren Ausgabe im Februar 1995. Anfangs deckte die ASM noch \u201eSoftware\u201c allgemein ab, entwickelte sich aber rasch zum Spieleheft \u2013 mit typischer Bewertung f\u00fcr\u2026","rel":"","context":"Similar post","block_context":{"text":"Similar post","link":""},"img":{"alt_text":"ASM-11_1989","src":"https:\/\/i0.wp.com\/www.jungsi.de\/blog\/wp-content\/uploads\/ASM-11_1989.jpg?resize=350%2C200&ssl=1","width":350,"height":200,"srcset":"https:\/\/i0.wp.com\/www.jungsi.de\/blog\/wp-content\/uploads\/ASM-11_1989.jpg?resize=350%2C200&ssl=1 1x, https:\/\/i0.wp.com\/www.jungsi.de\/blog\/wp-content\/uploads\/ASM-11_1989.jpg?resize=525%2C300&ssl=1 1.5x, https:\/\/i0.wp.com\/www.jungsi.de\/blog\/wp-content\/uploads\/ASM-11_1989.jpg?resize=700%2C400&ssl=1 2x"},"classes":[]}],"_links":{"self":[{"href":"https:\/\/www.jungsi.de\/en\/wp-json\/wp\/v2\/pages\/1521","targetHints":{"allow":["GET"]}}],"collection":[{"href":"https:\/\/www.jungsi.de\/en\/wp-json\/wp\/v2\/pages"}],"about":[{"href":"https:\/\/www.jungsi.de\/en\/wp-json\/wp\/v2\/types\/page"}],"author":[{"embeddable":true,"href":"https:\/\/www.jungsi.de\/en\/wp-json\/wp\/v2\/users\/2"}],"replies":[{"embeddable":true,"href":"https:\/\/www.jungsi.de\/en\/wp-json\/wp\/v2\/comments?post=1521"}],"version-history":[{"count":1,"href":"https:\/\/www.jungsi.de\/en\/wp-json\/wp\/v2\/pages\/1521\/revisions"}],"predecessor-version":[{"id":40722,"href":"https:\/\/www.jungsi.de\/en\/wp-json\/wp\/v2\/pages\/1521\/revisions\/40722"}],"up":[{"embeddable":true,"href":"https:\/\/www.jungsi.de\/en\/wp-json\/wp\/v2\/pages\/18072"}],"wp:featuredmedia":[{"embeddable":true,"href":"https:\/\/www.jungsi.de\/en\/wp-json\/wp\/v2\/media\/19786"}],"wp:attachment":[{"href":"https:\/\/www.jungsi.de\/en\/wp-json\/wp\/v2\/media?parent=1521"}],"curies":[{"name":"wp","href":"https:\/\/api.w.org\/{rel}","templated":true}]}}