{"id":1246,"date":"2012-07-30T21:34:03","date_gmt":"2012-07-30T20:34:03","guid":{"rendered":"http:\/\/www.jungsi.de\/?page_id=1246"},"modified":"2024-12-23T16:34:19","modified_gmt":"2024-12-23T15:34:19","slug":"gartenumgestaltung-tagebuch","status":"publish","type":"page","link":"https:\/\/www.jungsi.de\/en\/und-mehr\/gartenumgestaltung-tagebuch\/","title":{"rendered":"Gartenumgestaltung &#8211; Tagebuch"},"content":{"rendered":"<p>30.07.2012:<br \/>\nStartschuss zur Gartenumgestaltung!<br \/>\nZum Testen des Kiesgartens habe ich mir ein paar Einfassungen vorgenommen die vor meiner Garage vor allem durch Unkraut bev\u00f6lkert werden.<br \/>\nAls Grundmaterial habe ich mir Vlies und Rheinkies aus dem Baumarkt organisiert.<br \/>\nHier ein paar Bilder der Einfasssungen bevor ich Hand anlegte:<\/p>\n<p><center><\/center><\/p>\n<table>\n<tbody>\n<tr>\n<td><a href=\"https:\/\/www.jungsi.de\/blog\/wp-content\/uploads\/2012\/07\/IMG_0395.jpg\"><\/a><\/td>\n<td><a href=\"https:\/\/www.jungsi.de\/blog\/wp-content\/uploads\/2012\/07\/IMG_0396.jpg\"><\/a><\/td>\n<td><a href=\"https:\/\/www.jungsi.de\/blog\/wp-content\/uploads\/2012\/07\/IMG_0397.jpg\"><\/a><\/td>\n<\/tr>\n<tr>\n<td><a href=\"https:\/\/www.jungsi.de\/blog\/wp-content\/uploads\/2012\/07\/IMG_0399.jpg\"><\/a><\/td>\n<td><a href=\"https:\/\/www.jungsi.de\/blog\/wp-content\/uploads\/2012\/07\/IMG_0400.jpg\"><\/a><\/td>\n<td><\/td>\n<\/tr>\n<\/tbody>\n<\/table>\n<p>Als erstes habe ich die Erde aus den Einfassungen entfernt und sie durch den Sieb geschickt um Steine und Wurzelmaterial aus dem Erdreich zu bekommen.<\/p>\n<a href=\"https:\/\/www.jungsi.de\/blog\/wp-content\/uploads\/2012\/07\/IMG_0401.jpg\"><\/a> Erde sieben!\n<p>31.07.2012:<br \/>\nAls n\u00e4chstes habe ich die Folie zurechtgeschnitten und an den R\u00e4ndern eingeschlagen &#8211; f\u00fcr die Pflanze habe ich dann die Folie in der Mitte kreuzf\u00f6rmig eingeschnitten.<\/p>\n<a href=\"https:\/\/www.jungsi.de\/blog\/wp-content\/uploads\/2012\/07\/IMG_0403.jpg\"><\/a> Folie &#8222;verlegt&#8220;\n<p>Pflanze einsetzen &#8211; Erde andr\u00fccken &#8211; Folie anpassen &#8211; Kies einf\u00fcllen &#8211; fertig ist die erste Einfassung<\/p>\n<a href=\"https:\/\/www.jungsi.de\/blog\/wp-content\/uploads\/2012\/07\/IMG_0405.jpg\"><\/a> erste Einfassung fertig &#8211; Lilie\n<a href=\"https:\/\/www.jungsi.de\/blog\/wp-content\/uploads\/2012\/07\/IMG_0406.jpg\"><\/a> zweite Einfassung &#8211; Sommerflieder\n<a href=\"https:\/\/www.jungsi.de\/blog\/wp-content\/uploads\/2012\/07\/IMG_0407.jpg\"><\/a> dritte Einfassung &#8211; Blasenspiere","protected":false},"excerpt":{"rendered":"<p>30.07.2012: Startschuss zur Gartenumgestaltung! Zum Testen des Kiesgartens habe ich mir ein paar Einfassungen vorgenommen die vor meiner Garage vor allem durch Unkraut bev\u00f6lkert werden. \u2026<\/p>","protected":false},"author":2,"featured_media":1251,"parent":1378,"menu_order":0,"comment_status":"open","ping_status":"open","template":"","meta":{"_lmt_disableupdate":"","_lmt_disable":"","ngg_post_thumbnail":0,"jetpack_post_was_ever_published":false,"footnotes":"","_links_to":"","_links_to_target":""},"class_list":["post-1246","page","type-page","status-publish","has-post-thumbnail","hentry"],"jetpack_shortlink":"https:\/\/wp.me\/P4eXvk-k6","jetpack_sharing_enabled":true,"jetpack_likes_enabled":true,"jetpack-related-posts":[{"id":38568,"url":"https:\/\/www.jungsi.de\/en\/datenbank-changelog\/","url_meta":{"origin":1246,"position":0},"title":"Datenbank-Changelog","author":"Jungsi","date":"11. October 2025","format":false,"excerpt":"Datenbank-Changelog Vorwort zum Changelog F\u00fcr alle, die meinen Artikel zur Online-Verwaltung meiner Sammlung gelesen haben und wissen m\u00f6chten, wie es weitergeht: Hier dokumentiere ich im Changelog alle \u00c4nderungen und Erweiterungen, die ich umgesetzt habe. Die meisten Anpassungen entstehen ganz pragmatisch beim t\u00e4glichen Erfassen meiner Daten \u2013 immer dann, wenn mir\u2026","rel":"","context":"Similar post","block_context":{"text":"Similar post","link":""},"img":{"alt_text":"","src":"https:\/\/i0.wp.com\/www.jungsi.de\/blog\/wp-content\/uploads\/Changelog-1.jpg?resize=350%2C200&ssl=1","width":350,"height":200,"srcset":"https:\/\/i0.wp.com\/www.jungsi.de\/blog\/wp-content\/uploads\/Changelog-1.jpg?resize=350%2C200&ssl=1 1x, https:\/\/i0.wp.com\/www.jungsi.de\/blog\/wp-content\/uploads\/Changelog-1.jpg?resize=525%2C300&ssl=1 1.5x, https:\/\/i0.wp.com\/www.jungsi.de\/blog\/wp-content\/uploads\/Changelog-1.jpg?resize=700%2C400&ssl=1 2x"},"classes":[]},{"id":18076,"url":"https:\/\/www.jungsi.de\/en\/heimcomputer\/","url_meta":{"origin":1246,"position":1},"title":"home computer","author":"Jungsi","date":"30. July 2017","format":false,"excerpt":"Meine Geschichte Meine Begeisterung f\u00fcr Computer begann in den fr\u00fchen 1980er Jahren. Als ich im P.M. Computerheft \u00fcber diese faszinierende neue Technologie las, erkannte ich sofort: Das ist die Zukunft. Ich bettelte so lange, bis meine Gro\u00dfmutter mir einen Sinclair ZX81 schenkte, damals der g\u00fcnstigste Homecomputer. Fasziniert sa\u00df ich vor\u2026","rel":"","context":"Similar post","block_context":{"text":"Similar post","link":""},"img":{"alt_text":"Acorn","src":"https:\/\/i0.wp.com\/www.jungsi.de\/blog\/wp-content\/uploads\/Acorn.jpg?resize=350%2C200&ssl=1","width":350,"height":200,"srcset":"https:\/\/i0.wp.com\/www.jungsi.de\/blog\/wp-content\/uploads\/Acorn.jpg?resize=350%2C200&ssl=1 1x, https:\/\/i0.wp.com\/www.jungsi.de\/blog\/wp-content\/uploads\/Acorn.jpg?resize=525%2C300&ssl=1 1.5x, https:\/\/i0.wp.com\/www.jungsi.de\/blog\/wp-content\/uploads\/Acorn.jpg?resize=700%2C400&ssl=1 2x, https:\/\/i0.wp.com\/www.jungsi.de\/blog\/wp-content\/uploads\/Acorn.jpg?resize=1050%2C600&ssl=1 3x, https:\/\/i0.wp.com\/www.jungsi.de\/blog\/wp-content\/uploads\/Acorn.jpg?resize=1400%2C800&ssl=1 4x"},"classes":[]},{"id":365,"url":"https:\/\/www.jungsi.de\/en\/reisen\/sardinien-2005\/","url_meta":{"origin":1246,"position":2},"title":"Sardinien 2005","author":"Jungsi","date":"22. December 2008","format":false,"excerpt":"Sardinien 2005 Dieses Mal werde ich den Tourenbericht etwas anders gestalten. Aufgrund der L\u00e4nge der Tour und den Eindr\u00fccken, werde ich die Bilder f\u00fcr sich sprechen lassen. Wir haben auch keine bestimmten Sehensw\u00fcrdigkeiten angesteuert bzw. hatten dazu auch gar keine Zeit :-) Nun aber zur Tour.Dabei waren:- Sandra (Z750)- Volker\u2026","rel":"","context":"In &quot;Allgemein&quot;","block_context":{"text":"Allgemein","link":"https:\/\/www.jungsi.de\/en\/category\/allgemein\/"},"img":{"alt_text":"","src":"","width":0,"height":0},"classes":[]},{"id":20379,"url":"https:\/\/www.jungsi.de\/en\/datenschutzerklaerung\/","url_meta":{"origin":1246,"position":3},"title":"Datenschutzerkl\u00e4rung","author":"Jungsi","date":"8. May 2018","format":false,"excerpt":"Datenschutzerkl\u00e4rung Verantwortliche Stelle im Sinne der Datenschutzgesetze ist: Jungsberger GerhardLindenstr. 2984359 Simbach am Inn Kommentarfunktion Wenn Nutzer Kommentare im Blog hinterlassen, werden neben diesen Angaben auch der Zeitpunkt ihrer Erstellung und der zuvor durch den Websitebesucher gew\u00e4hlte Nutzername gespeichert. Dies dient unserer Sicherheit, da wir f\u00fcr widerrechtliche Inhalte auf unserer\u2026","rel":"","context":"Similar post","block_context":{"text":"Similar post","link":""},"img":{"alt_text":"","src":"","width":0,"height":0},"classes":[]},{"id":19748,"url":"https:\/\/www.jungsi.de\/en\/heimcomputer\/msx-sony-hitbit-75-p\/","url_meta":{"origin":1246,"position":4},"title":"MSX","author":"Jungsi","date":"28. February 2018","format":false,"excerpt":"MSX Philips VG-8235 Sony HitBit 75-P Zusammenfassung zum MSX-Standard Der MSX-Standard war eine einheitliche Plattform f\u00fcr Heimcomputer, die Anfang der 1980er Jahre entwickelt wurde. Hier sind die wichtigsten Punkte seiner Geschichte und Merkmale: Einf\u00fchrung und Zielsetzung (1983): Konzept: Der MSX-Standard wurde von Kazuhiko Nishi von Microsoft Japan in Zusammenarbeit mit\u2026","rel":"","context":"Similar post","block_context":{"text":"Similar post","link":""},"img":{"alt_text":"","src":"https:\/\/i0.wp.com\/www.jungsi.de\/blog\/wp-content\/uploads\/Carnivore-2-R%C3%BCckseite.jpg?resize=350%2C200&ssl=1","width":350,"height":200,"srcset":"https:\/\/i0.wp.com\/www.jungsi.de\/blog\/wp-content\/uploads\/Carnivore-2-R%C3%BCckseite.jpg?resize=350%2C200&ssl=1 1x, https:\/\/i0.wp.com\/www.jungsi.de\/blog\/wp-content\/uploads\/Carnivore-2-R%C3%BCckseite.jpg?resize=525%2C300&ssl=1 1.5x, https:\/\/i0.wp.com\/www.jungsi.de\/blog\/wp-content\/uploads\/Carnivore-2-R%C3%BCckseite.jpg?resize=700%2C400&ssl=1 2x, https:\/\/i0.wp.com\/www.jungsi.de\/blog\/wp-content\/uploads\/Carnivore-2-R%C3%BCckseite.jpg?resize=1050%2C600&ssl=1 3x, https:\/\/i0.wp.com\/www.jungsi.de\/blog\/wp-content\/uploads\/Carnivore-2-R%C3%BCckseite.jpg?resize=1400%2C800&ssl=1 4x"},"classes":[]},{"id":18072,"url":"https:\/\/www.jungsi.de\/en\/die-sammlung\/","url_meta":{"origin":1246,"position":5},"title":"The Collection","author":"Jungsi","date":"30. July 2017","format":false,"excerpt":"\u00dcbersicht der Hardware-Sammlung Hier finden Sie eine \u00dcbersicht meiner Sammlung, geordnet nach dem Ver\u00f6ffentlichungsjahr der Ger\u00e4te. Wenn verf\u00fcgbar, sind Links zu den Artikeln beigef\u00fcgt, die ich \u00fcber die entsprechende Hardware verfasst habe. Es lohnt sich, regelm\u00e4\u00dfig vorbeizuschauen, da die Seite kontinuierlich aktualisiert wird.Erkl\u00e4rung der Kategorien:Heimcomputer: klassische Heimcomputer und moderne VersionenKonsolen:\u2026","rel":"","context":"Similar post","block_context":{"text":"Similar post","link":""},"img":{"alt_text":"","src":"","width":0,"height":0},"classes":[]}],"_links":{"self":[{"href":"https:\/\/www.jungsi.de\/en\/wp-json\/wp\/v2\/pages\/1246","targetHints":{"allow":["GET"]}}],"collection":[{"href":"https:\/\/www.jungsi.de\/en\/wp-json\/wp\/v2\/pages"}],"about":[{"href":"https:\/\/www.jungsi.de\/en\/wp-json\/wp\/v2\/types\/page"}],"author":[{"embeddable":true,"href":"https:\/\/www.jungsi.de\/en\/wp-json\/wp\/v2\/users\/2"}],"replies":[{"embeddable":true,"href":"https:\/\/www.jungsi.de\/en\/wp-json\/wp\/v2\/comments?post=1246"}],"version-history":[{"count":0,"href":"https:\/\/www.jungsi.de\/en\/wp-json\/wp\/v2\/pages\/1246\/revisions"}],"up":[{"embeddable":true,"href":"https:\/\/www.jungsi.de\/en\/wp-json\/wp\/v2\/pages\/1378"}],"wp:featuredmedia":[{"embeddable":true,"href":"https:\/\/www.jungsi.de\/en\/wp-json\/wp\/v2\/media\/1251"}],"wp:attachment":[{"href":"https:\/\/www.jungsi.de\/en\/wp-json\/wp\/v2\/media?parent=1246"}],"curies":[{"name":"wp","href":"https:\/\/api.w.org\/{rel}","templated":true}]}}