{"id":12368,"date":"2015-11-14T17:42:12","date_gmt":"2015-11-14T16:42:12","guid":{"rendered":"http:\/\/www.jungsi.de\/?page_id=12368"},"modified":"2026-04-02T12:14:43","modified_gmt":"2026-04-02T10:14:43","slug":"spiele","status":"publish","type":"page","link":"https:\/\/www.jungsi.de\/en\/spiele\/","title":{"rendered":"Spiele"},"content":{"rendered":"<h2 class=\"wp-block-heading has-text-align-center\">Computer-Spiele<\/h2>\n\n\n\n<p>Meine erste Ber\u00fchrung mit Spielen d\u00fcrfte ich zu Beginn der 1980er Jahre bei einem Mitsch\u00fcler gehabt haben. Soweit ich mich erinnern kann, haben wir bei ihm Pong gespielt.<\/p>\n\n\n\n<p>Meine ersten eigenen Spiele hatte ich f\u00fcr den Sinclair ZX81. Da dieser Rechner in meiner Gegend nicht so verbreitet war, musste ich mich oft mit Spielen besch\u00e4ftigen, die in den damaligen Zeitschriften zum Selbst-Eintippen abgedruckt wurden.<\/p>\n\n\n\n<p>Etwas besser war es mit dem Sinclair ZX Spectrum, den ein guter Freund von mir ebenfalls besa\u00df. Hier konnten wir Spiele tauschen und gemeinsam Listings abtippen. Im Freundeskreis gab es zu dem Zeitpunkt auch andere Rechner wie den Commodore 64, den Commodore C116 und den Commodore C128. Dadurch konnte auf unterschiedlichen Systemen gespielt und getestet werden.<\/p>\n\n\n\n<p>1987 begann dann f\u00fcr mich die 16-Bit-Zeit mit dem Atari ST. Dieser Rechner war weiter verbreitet und es konnten viele Spiele \u201egetauscht&#8220; werden. Dazu jobbte ich in meiner Freizeit in einem kleinen Gesch\u00e4ft, das Atari-Hardware und Spiele verkaufte. Dadurch kam ich oft an sehr neue Software.<\/p>\n\n\n\n<p>Nach einer Pause vom Computer kehrte ich 1995 mit dem PC zum Spielen zur\u00fcck. Da ich neben meinem normalen Job ein kleines Computergesch\u00e4ft betrieb, hatte ich auch dort viele M\u00f6glichkeiten, neue Spiele zu bekommen.<\/p>\n\n\n\n<p>Wie zu erkennen ist, drehte sich bei mir alles um Heimcomputer und PC. Tats\u00e4chlich hatte ich nie eine Spielkonsole \u2014 bis ich 2009 die Nintendo Wii als meine erste eigene Konsole kaufte.<\/p>\n\n\n\n<p>Inzwischen habe ich auch in diesem Bereich einiges aufgeholt und besitze zahlreiche Konsolen sowie mal mehr, mal weniger Spiele dazu.<\/p>\n\n\n\n<p>Ich spiele noch immer regelm\u00e4\u00dfig neue Sinclair-Spiele f\u00fcr den Blog und vor allem Neuerscheinungen in Big Boxes f\u00fcr alle m\u00f6glichen Systeme.<\/p>\n\n\n\n<p>Ich habe kein grunds\u00e4tzliches Ziel beim Sammeln von Spielen \u2014 obwohl ich f\u00fcr jedes System in meiner Sammlung, egal ob Rechner oder Konsole\/Handheld, mindestens zehn Originale besitzen m\u00f6chte. Bei manchen ist das allerdings sehr unwahrscheinlich \u2014 wie zum Beispiel beim Neo Geo.<\/p>\n\n\n\n<p>Allen Lesern w\u00fcnsche ich viel Spa\u00df beim St\u00f6bern in der Sammlung \u00fcber das Men\u00fc!<\/p>","protected":false},"excerpt":{"rendered":"<p>Computer-Spiele Meine erste Ber\u00fchrung mit Spielen d\u00fcrfte ich zu Beginn der 1980er Jahre bei einem Mitsch\u00fcler gehabt haben. Soweit ich mich erinnern kann, haben wir \u2026<\/p>","protected":false},"author":2,"featured_media":12369,"parent":0,"menu_order":0,"comment_status":"closed","ping_status":"closed","template":"","meta":{"_lmt_disableupdate":"","_lmt_disable":"","ngg_post_thumbnail":0,"jetpack_post_was_ever_published":false,"footnotes":"","_links_to":"","_links_to_target":""},"class_list":["post-12368","page","type-page","status-publish","has-post-thumbnail","hentry"],"jetpack_shortlink":"https:\/\/wp.me\/P4eXvk-3du","jetpack_sharing_enabled":true,"jetpack_likes_enabled":true,"jetpack-related-posts":[{"id":18076,"url":"https:\/\/www.jungsi.de\/en\/heimcomputer\/","url_meta":{"origin":12368,"position":0},"title":"home computer","author":"Jungsi","date":"30. July 2017","format":false,"excerpt":"Meine Geschichte Meine Begeisterung f\u00fcr Computer begann in den fr\u00fchen 1980er Jahren. Als ich im P.M. Computerheft \u00fcber diese faszinierende neue Technologie las, erkannte ich sofort: Das ist die Zukunft. Ich bettelte so lange, bis meine Gro\u00dfmutter mir einen Sinclair ZX81 schenkte, damals der g\u00fcnstigste Homecomputer. Fasziniert sa\u00df ich vor\u2026","rel":"","context":"Similar post","block_context":{"text":"Similar post","link":""},"img":{"alt_text":"Acorn","src":"https:\/\/i0.wp.com\/www.jungsi.de\/blog\/wp-content\/uploads\/Acorn.jpg?resize=350%2C200&ssl=1","width":350,"height":200,"srcset":"https:\/\/i0.wp.com\/www.jungsi.de\/blog\/wp-content\/uploads\/Acorn.jpg?resize=350%2C200&ssl=1 1x, https:\/\/i0.wp.com\/www.jungsi.de\/blog\/wp-content\/uploads\/Acorn.jpg?resize=525%2C300&ssl=1 1.5x, https:\/\/i0.wp.com\/www.jungsi.de\/blog\/wp-content\/uploads\/Acorn.jpg?resize=700%2C400&ssl=1 2x, https:\/\/i0.wp.com\/www.jungsi.de\/blog\/wp-content\/uploads\/Acorn.jpg?resize=1050%2C600&ssl=1 3x, https:\/\/i0.wp.com\/www.jungsi.de\/blog\/wp-content\/uploads\/Acorn.jpg?resize=1400%2C800&ssl=1 4x"},"classes":[]},{"id":3745,"url":"https:\/\/www.jungsi.de\/en\/heimcomputer\/sinclair\/","url_meta":{"origin":12368,"position":1},"title":"Sinclair","author":"Jungsi","date":"15. July 2013","format":false,"excerpt":"Jungsis Sinclair Rechner Die Rechner von Sinclair waren meine erste \u201eLeidenschaft\u201c. Befl\u00fcgelt durch das Lesen der ersten Ausgaben der Zeitschrift P.M. war ich mir sicher, dass ich auch einen Rechner ben\u00f6tigte, damit ich f\u00fcr die Zukunft ger\u00fcstet bin. Da das Ger\u00e4t wenig kosten sollte, bettelte ich meine Oma an mir\u2026","rel":"","context":"With 2 comments","block_context":{"text":"With 2 comments","link":"https:\/\/www.jungsi.de\/en\/heimcomputer\/sinclair\/#comments"},"img":{"alt_text":"Sinclair Spectrum 48K","src":"https:\/\/i0.wp.com\/www.jungsi.de\/blog\/wp-content\/uploads\/2012\/07\/Spectrum1.jpg?resize=350%2C200&ssl=1","width":350,"height":200},"classes":[]},{"id":28498,"url":"https:\/\/www.jungsi.de\/en\/heimcomputer\/commodore\/commodore-c64\/","url_meta":{"origin":12368,"position":2},"title":"Commodore C64\/C128","author":"Jungsi","date":"17. January 2023","format":false,"excerpt":"Commodore C64\/C128 Commodore 64 Der popul\u00e4rste 8-Bit-Mikrocomputer f\u00fcr den Heimgebrauch in Deutschland war der Commodore 64. Eine Vielzahl an Software wurde f\u00fcr ihn entwickelt und auch raubkopiert. Er stellte einen guten Kompromiss zwischen Vielseitigkeit und Preis dar, was zu \u00fcber einer Million Anwendungen und Spielen f\u00fchrte. Seine Sound- und Grafikf\u00e4higkeiten\u2026","rel":"","context":"Similar post","block_context":{"text":"Similar post","link":""},"img":{"alt_text":"Power Cartridge","src":"https:\/\/i0.wp.com\/www.jungsi.de\/blog\/wp-content\/uploads\/Power-Cartridge-Oberseite.jpg?resize=350%2C200&ssl=1","width":350,"height":200,"srcset":"https:\/\/i0.wp.com\/www.jungsi.de\/blog\/wp-content\/uploads\/Power-Cartridge-Oberseite.jpg?resize=350%2C200&ssl=1 1x, https:\/\/i0.wp.com\/www.jungsi.de\/blog\/wp-content\/uploads\/Power-Cartridge-Oberseite.jpg?resize=525%2C300&ssl=1 1.5x, https:\/\/i0.wp.com\/www.jungsi.de\/blog\/wp-content\/uploads\/Power-Cartridge-Oberseite.jpg?resize=700%2C400&ssl=1 2x, https:\/\/i0.wp.com\/www.jungsi.de\/blog\/wp-content\/uploads\/Power-Cartridge-Oberseite.jpg?resize=1050%2C600&ssl=1 3x, https:\/\/i0.wp.com\/www.jungsi.de\/blog\/wp-content\/uploads\/Power-Cartridge-Oberseite.jpg?resize=1400%2C800&ssl=1 4x"},"classes":[]},{"id":24070,"url":"https:\/\/www.jungsi.de\/en\/konsolen\/commodore-amiga-cd32\/","url_meta":{"origin":12368,"position":3},"title":"Commodore Amiga CD32","author":"Jungsi","date":"22. January 2020","format":false,"excerpt":"Commodore Amiga CD32 Commodore Amiga CD32 Commodore f\u00fchrte mit dem Amiga CD32 die erste 32-Bit-Spielkonsole auf dem europ\u00e4ischen Markt ein. Sie basierte auf einem modifizierten Amiga 1200-Mainboard, ausgestattet mit einem Double-Speed-CD-ROM-Laufwerk und dem Custom-Chip Akiko. Dieser Chip, der auch f\u00fcr 3D-Grafiken zust\u00e4ndig war, sollte PC-Konvertierungen f\u00fcr das CD32 erleichtern, die\u2026","rel":"","context":"Similar post","block_context":{"text":"Similar post","link":""},"img":{"alt_text":"Competition Pro CD32","src":"https:\/\/i0.wp.com\/www.jungsi.de\/blog\/wp-content\/uploads\/Competition-Pro-CD32-Oberseite-schraeg.jpg?resize=350%2C200&ssl=1","width":350,"height":200,"srcset":"https:\/\/i0.wp.com\/www.jungsi.de\/blog\/wp-content\/uploads\/Competition-Pro-CD32-Oberseite-schraeg.jpg?resize=350%2C200&ssl=1 1x, https:\/\/i0.wp.com\/www.jungsi.de\/blog\/wp-content\/uploads\/Competition-Pro-CD32-Oberseite-schraeg.jpg?resize=525%2C300&ssl=1 1.5x, https:\/\/i0.wp.com\/www.jungsi.de\/blog\/wp-content\/uploads\/Competition-Pro-CD32-Oberseite-schraeg.jpg?resize=700%2C400&ssl=1 2x, https:\/\/i0.wp.com\/www.jungsi.de\/blog\/wp-content\/uploads\/Competition-Pro-CD32-Oberseite-schraeg.jpg?resize=1050%2C600&ssl=1 3x, https:\/\/i0.wp.com\/www.jungsi.de\/blog\/wp-content\/uploads\/Competition-Pro-CD32-Oberseite-schraeg.jpg?resize=1400%2C800&ssl=1 4x"},"classes":[]},{"id":28496,"url":"https:\/\/www.jungsi.de\/en\/heimcomputer\/commodore\/commodore-amiga\/","url_meta":{"origin":12368,"position":4},"title":"Commodore Amiga","author":"Jungsi","date":"17. January 2023","format":false,"excerpt":"Commodore Amiga Commodore Amiga 500 In Deutschland war dieser 16-Bit-Heimcomputer in den fr\u00fchen 90er Jahren sehr beliebt. Er verf\u00fcgt \u00fcber eine ansprechende, mausgesteuerte grafische Benutzeroberfl\u00e4che (GUI) mit einem Befehlszeilenprozessor und unterst\u00fctzt komplexe Multimedia-Operationen. Im Vergleich zum C64 bietet er eine leistungsst\u00e4rkere CPU, besseren Sound und erweiterte Grafikfunktionen. Der neue Motorola\u2026","rel":"","context":"Similar post","block_context":{"text":"Similar post","link":""},"img":{"alt_text":"A500-IDE","src":"https:\/\/i0.wp.com\/www.jungsi.de\/blog\/wp-content\/uploads\/A500-IDE.jpg?resize=350%2C200&ssl=1","width":350,"height":200,"srcset":"https:\/\/i0.wp.com\/www.jungsi.de\/blog\/wp-content\/uploads\/A500-IDE.jpg?resize=350%2C200&ssl=1 1x, https:\/\/i0.wp.com\/www.jungsi.de\/blog\/wp-content\/uploads\/A500-IDE.jpg?resize=525%2C300&ssl=1 1.5x, https:\/\/i0.wp.com\/www.jungsi.de\/blog\/wp-content\/uploads\/A500-IDE.jpg?resize=700%2C400&ssl=1 2x"},"classes":[]},{"id":28500,"url":"https:\/\/www.jungsi.de\/en\/heimcomputer\/commodore\/commodore-vc20\/","url_meta":{"origin":12368,"position":5},"title":"Commodore VC20","author":"Jungsi","date":"17. January 2023","format":false,"excerpt":"Commodore VC20 Commodore VC 20 Drei Jahre (1981) nach der Einf\u00fchrung des PET erkannte Commodore, dass ihr Computer zu kostspielig war, um weit verbreitet zu sein. Der VIC-20, konzipiert als Heimcomputer, war preiswert (und wurde sp\u00e4ter durch den Einsatz von weniger, jedoch spezialisierten Chips noch g\u00fcnstiger) und gen\u00fcgte f\u00fcr den\u2026","rel":"","context":"Similar post","block_context":{"text":"Similar post","link":""},"img":{"alt_text":"Commodore VC 20","src":"https:\/\/i0.wp.com\/www.jungsi.de\/blog\/wp-content\/uploads\/VC20_1.jpg?resize=350%2C200&ssl=1","width":350,"height":200,"srcset":"https:\/\/i0.wp.com\/www.jungsi.de\/blog\/wp-content\/uploads\/VC20_1.jpg?resize=350%2C200&ssl=1 1x, https:\/\/i0.wp.com\/www.jungsi.de\/blog\/wp-content\/uploads\/VC20_1.jpg?resize=525%2C300&ssl=1 1.5x, https:\/\/i0.wp.com\/www.jungsi.de\/blog\/wp-content\/uploads\/VC20_1.jpg?resize=700%2C400&ssl=1 2x, https:\/\/i0.wp.com\/www.jungsi.de\/blog\/wp-content\/uploads\/VC20_1.jpg?resize=1050%2C600&ssl=1 3x, https:\/\/i0.wp.com\/www.jungsi.de\/blog\/wp-content\/uploads\/VC20_1.jpg?resize=1400%2C800&ssl=1 4x"},"classes":[]}],"_links":{"self":[{"href":"https:\/\/www.jungsi.de\/en\/wp-json\/wp\/v2\/pages\/12368","targetHints":{"allow":["GET"]}}],"collection":[{"href":"https:\/\/www.jungsi.de\/en\/wp-json\/wp\/v2\/pages"}],"about":[{"href":"https:\/\/www.jungsi.de\/en\/wp-json\/wp\/v2\/types\/page"}],"author":[{"embeddable":true,"href":"https:\/\/www.jungsi.de\/en\/wp-json\/wp\/v2\/users\/2"}],"replies":[{"embeddable":true,"href":"https:\/\/www.jungsi.de\/en\/wp-json\/wp\/v2\/comments?post=12368"}],"version-history":[{"count":2,"href":"https:\/\/www.jungsi.de\/en\/wp-json\/wp\/v2\/pages\/12368\/revisions"}],"predecessor-version":[{"id":40720,"href":"https:\/\/www.jungsi.de\/en\/wp-json\/wp\/v2\/pages\/12368\/revisions\/40720"}],"wp:featuredmedia":[{"embeddable":true,"href":"https:\/\/www.jungsi.de\/en\/wp-json\/wp\/v2\/media\/12369"}],"wp:attachment":[{"href":"https:\/\/www.jungsi.de\/en\/wp-json\/wp\/v2\/media?parent=12368"}],"curies":[{"name":"wp","href":"https:\/\/api.w.org\/{rel}","templated":true}]}}