{"id":11,"date":"2008-11-05T11:07:50","date_gmt":"2008-11-05T10:07:50","guid":{"rendered":"http:\/\/www.jungsi.de\/blog\/?page_id=11"},"modified":"2024-12-23T16:34:17","modified_gmt":"2024-12-23T15:34:17","slug":"kawasaki-er-5","status":"publish","type":"page","link":"https:\/\/www.jungsi.de\/en\/und-mehr\/bikes\/kawasaki-er-5\/","title":{"rendered":"Kawasaki ER-5"},"content":{"rendered":"<p><\/p>\n\n\n\n<h2 class=\"wp-block-heading has-text-align-center\">Kawasaki ER-5<\/h2>\n\n\n\n<p>Anfang 1998 hatte sich die finanzielle Lage endlich etwas erholt, und so konnte das erste eigene Motorrad angeschafft werden. Wie bei vielen anderen auch, war es eine neue Kawa ER-5 mit gedrosselten 34 PS. Nach den ersten Ausfahrten folgte bald die erste gr\u00f6\u00dfere Tour nach K\u00e4rnten (mit Sozia), bei der kurz vor dem Ziel ungewollt ein Abstecher ins Gel\u00e4nde erfolgte. Gl\u00fccklicherweise gab es keine gr\u00f6\u00dferen Sch\u00e4den an Fahrer, Sozia oder Motorrad. Eine Reparatur war dennoch erforderlich. Im weiteren Verlauf der Saison wurden die Fahrten fortgesetzt, sodass im ersten Jahr mit dem eigenen Bike beeindruckende 9.750 km gefahren wurden.<\/p>\n\n\n\n<p>&nbsp;<\/p>","protected":false},"excerpt":{"rendered":"<p>Kawasaki ER-5 Anfang 1998 hatte sich die finanzielle Lage endlich etwas erholt, und so konnte das erste eigene Motorrad angeschafft werden. Wie bei vielen anderen \u2026<\/p>","protected":false},"author":2,"featured_media":56,"parent":8,"menu_order":1,"comment_status":"open","ping_status":"closed","template":"","meta":{"_lmt_disableupdate":"","_lmt_disable":"","ngg_post_thumbnail":0,"jetpack_post_was_ever_published":false,"footnotes":"","_links_to":"","_links_to_target":""},"class_list":["post-11","page","type-page","status-publish","has-post-thumbnail","hentry"],"jetpack_shortlink":"https:\/\/wp.me\/P4eXvk-b","jetpack_sharing_enabled":true,"jetpack_likes_enabled":true,"jetpack-related-posts":[{"id":502,"url":"https:\/\/www.jungsi.de\/en\/reisen\/dolomiten-2009\/","url_meta":{"origin":11,"position":0},"title":"Dolomiten 2009","author":"Jungsi","date":"28. July 2009","format":false,"excerpt":"Dolomiten 2009 Nach dem Urlaub im vergangenen Jahr in Frankreich zog es uns dieses Mal wieder in \"heimischere\" Gefilde - die Dolomiten. Im Gegensatz zu den vergangenen Dolomiten-Urlauben verlagerten wir dieses Mal unser Quartier etwas weiter westlich - kurz unterhalb des Karerpasses - im Hotel Castel Latemar. Die Zimmer haben\u2026","rel":"","context":"In &quot;Allgemein&quot;","block_context":{"text":"Allgemein","link":"https:\/\/www.jungsi.de\/en\/category\/allgemein\/"},"img":{"alt_text":"","src":"https:\/\/i0.wp.com\/www.jungsi.de\/blog\/wp-content\/uploads\/2009\/07\/Hotel-Castel-Latemar-1.jpg?resize=350%2C200&ssl=1","width":350,"height":200,"srcset":"https:\/\/i0.wp.com\/www.jungsi.de\/blog\/wp-content\/uploads\/2009\/07\/Hotel-Castel-Latemar-1.jpg?resize=350%2C200&ssl=1 1x, https:\/\/i0.wp.com\/www.jungsi.de\/blog\/wp-content\/uploads\/2009\/07\/Hotel-Castel-Latemar-1.jpg?resize=525%2C300&ssl=1 1.5x, https:\/\/i0.wp.com\/www.jungsi.de\/blog\/wp-content\/uploads\/2009\/07\/Hotel-Castel-Latemar-1.jpg?resize=700%2C400&ssl=1 2x"},"classes":[]},{"id":25,"url":"https:\/\/www.jungsi.de\/en\/und-mehr\/bikes\/kawasaki-zr-7\/","url_meta":{"origin":11,"position":1},"title":"Kawasaki ZR-7","author":"Jungsi","date":"5. November 2008","format":false,"excerpt":"Kawasaki ZR-7 1999 markierte das Jahr des Wandels. Der F\u00fchrerschein war bereits zwei Jahre alt, und das Motorrad begann, zu schw\u00e4cheln. Was tun, fragte Zeus? Richtig! Ein neues Moped kaufen. Gesagt, getan. Das alte Moped wurde eingetauscht, ein neues erstanden. Die ZR-7, die im Fr\u00fchjahr 1999 mit 78 PS neu\u2026","rel":"","context":"In &quot;Allgemein&quot;","block_context":{"text":"Allgemein","link":"https:\/\/www.jungsi.de\/en\/category\/allgemein\/"},"img":{"alt_text":"","src":"https:\/\/i0.wp.com\/www.jungsi.de\/blog\/wp-content\/uploads\/2008\/11\/zr7r6.jpg?resize=350%2C200&ssl=1","width":350,"height":200},"classes":[]},{"id":35,"url":"https:\/\/www.jungsi.de\/en\/und-mehr\/bikes\/kawasaki-zrx-1200\/","url_meta":{"origin":11,"position":2},"title":"Kawasaki ZRX 1200","author":"Jungsi","date":"5. November 2008","format":false,"excerpt":"Kawasaki ZRX 1200 2001 stand dann wieder eine Entscheidung an. Enweder mit der ZR-7 weiterfahren oder doch nochmal umsteigen. Nachdem man mit der ZR-7 immer dem Fahrtwind voll ausgesetzt ist, stand ich vor der Frage endlich etwas mit Verkleidung zu fahren. Supersportler sollte es aber keiner sein. Zuviel Plastik ist\u2026","rel":"","context":"In &quot;Allgemein&quot;","block_context":{"text":"Allgemein","link":"https:\/\/www.jungsi.de\/en\/category\/allgemein\/"},"img":{"alt_text":"","src":"https:\/\/i0.wp.com\/www.jungsi.de\/blog\/wp-content\/uploads\/2008\/11\/zrx12s6blu.jpg?resize=350%2C200&ssl=1","width":350,"height":200,"srcset":"https:\/\/i0.wp.com\/www.jungsi.de\/blog\/wp-content\/uploads\/2008\/11\/zrx12s6blu.jpg?resize=350%2C200&ssl=1 1x, https:\/\/i0.wp.com\/www.jungsi.de\/blog\/wp-content\/uploads\/2008\/11\/zrx12s6blu.jpg?resize=525%2C300&ssl=1 1.5x"},"classes":[]},{"id":37,"url":"https:\/\/www.jungsi.de\/en\/und-mehr\/bikes\/kawasaki-zzr-1200\/","url_meta":{"origin":11,"position":3},"title":"Kawasaki ZZR 1200","author":"Jungsi","date":"6. November 2008","format":false,"excerpt":"Kawasaki ZZR 1200 Im April 2002 war es endlich so weit: Die ZZR-1200 wurde beim H\u00e4ndler angeliefert. Nach den ersten Kilometern kehrte ich aufgrund einer stark vibrierenden Verkleidungsscheibe zur Werkstatt zur\u00fcck. Beim zweiten Besuch l\u00f6ste der Mechaniker das Problem dank seines Improvisationstalents.Zur Leistung der Maschine l\u00e4sst sich nur sagen: Wow.\u2026","rel":"","context":"In &quot;Allgemein&quot;","block_context":{"text":"Allgemein","link":"https:\/\/www.jungsi.de\/en\/category\/allgemein\/"},"img":{"alt_text":"","src":"https:\/\/i0.wp.com\/www.jungsi.de\/blog\/wp-content\/uploads\/2008\/11\/zzr126blu.jpg?resize=350%2C200&ssl=1","width":350,"height":200,"srcset":"https:\/\/i0.wp.com\/www.jungsi.de\/blog\/wp-content\/uploads\/2008\/11\/zzr126blu.jpg?resize=350%2C200&ssl=1 1x, https:\/\/i0.wp.com\/www.jungsi.de\/blog\/wp-content\/uploads\/2008\/11\/zzr126blu.jpg?resize=525%2C300&ssl=1 1.5x"},"classes":[]},{"id":40,"url":"https:\/\/www.jungsi.de\/en\/und-mehr\/bikes\/kawasaki-z1000\/","url_meta":{"origin":11,"position":4},"title":"Kawasaki Z1000","author":"Jungsi","date":"6. November 2008","format":false,"excerpt":"Kawasaki Z1000 Nach der Urlaubstour 2005 habe ich mich spontan entschlossen, zu meinen Wurzeln (Naked Bike) zur\u00fcckzukehren.Hintergrund waren unter anderem das hohe Gewicht und die \u201eUnhandlichkeit\u201c der ZZR.Da mir die Z1000 schon bei ihrem Erscheinen gefallen hat und ich nach einer Probefahrt vom Handling und dem Sound begeistert war, fiel\u2026","rel":"","context":"In &quot;Allgemein&quot;","block_context":{"text":"Allgemein","link":"https:\/\/www.jungsi.de\/en\/category\/allgemein\/"},"img":{"alt_text":"","src":"","width":0,"height":0},"classes":[]},{"id":9779,"url":"https:\/\/www.jungsi.de\/en\/und-mehr\/bikes\/mv-augusta\/","url_meta":{"origin":11,"position":5},"title":"MV Agusta Brutale 800RR","author":"Jungsi","date":"20. March 2015","format":false,"excerpt":"MV Agusta Brutale 800RR MV Augusta Brutale 800 RR M\u00e4rz 2015Nach zahlreichen herrlichen Kilometern auf meiner Aprilia Tuono war es Zeit f\u00fcr eine neue Entdeckung. Ganz unerwartet, wie es oft der Fall ist, begegnete ich auf der IMOT 2015 der MV Agusta Brutale 800RR. Es war sofortige Liebe auf den\u2026","rel":"","context":"With 1 comment","block_context":{"text":"With 1 comment","link":"https:\/\/www.jungsi.de\/en\/und-mehr\/bikes\/mv-augusta\/#comments"},"img":{"alt_text":"MV mit neuen Spiegeln","src":"https:\/\/i0.wp.com\/www.jungsi.de\/blog\/wp-content\/uploads\/MV-Spiegel-neu.jpg?resize=350%2C200&ssl=1","width":350,"height":200,"srcset":"https:\/\/i0.wp.com\/www.jungsi.de\/blog\/wp-content\/uploads\/MV-Spiegel-neu.jpg?resize=350%2C200&ssl=1 1x, https:\/\/i0.wp.com\/www.jungsi.de\/blog\/wp-content\/uploads\/MV-Spiegel-neu.jpg?resize=525%2C300&ssl=1 1.5x, https:\/\/i0.wp.com\/www.jungsi.de\/blog\/wp-content\/uploads\/MV-Spiegel-neu.jpg?resize=700%2C400&ssl=1 2x"},"classes":[]}],"_links":{"self":[{"href":"https:\/\/www.jungsi.de\/en\/wp-json\/wp\/v2\/pages\/11","targetHints":{"allow":["GET"]}}],"collection":[{"href":"https:\/\/www.jungsi.de\/en\/wp-json\/wp\/v2\/pages"}],"about":[{"href":"https:\/\/www.jungsi.de\/en\/wp-json\/wp\/v2\/types\/page"}],"author":[{"embeddable":true,"href":"https:\/\/www.jungsi.de\/en\/wp-json\/wp\/v2\/users\/2"}],"replies":[{"embeddable":true,"href":"https:\/\/www.jungsi.de\/en\/wp-json\/wp\/v2\/comments?post=11"}],"version-history":[{"count":0,"href":"https:\/\/www.jungsi.de\/en\/wp-json\/wp\/v2\/pages\/11\/revisions"}],"up":[{"embeddable":true,"href":"https:\/\/www.jungsi.de\/en\/wp-json\/wp\/v2\/pages\/8"}],"wp:featuredmedia":[{"embeddable":true,"href":"https:\/\/www.jungsi.de\/en\/wp-json\/wp\/v2\/media\/56"}],"wp:attachment":[{"href":"https:\/\/www.jungsi.de\/en\/wp-json\/wp\/v2\/media?parent=11"}],"curies":[{"name":"wp","href":"https:\/\/api.w.org\/{rel}","templated":true}]}}